
{"id":3559,"date":"2016-01-08T15:16:56","date_gmt":"2016-01-08T14:16:56","guid":{"rendered":"http:\/\/baubiologie.at\/strohballenbau\/?page_id=3559"},"modified":"2018-05-23T20:19:54","modified_gmt":"2018-05-23T18:19:54","slug":"workshops-2016","status":"publish","type":"page","link":"https:\/\/baubiologie.at\/strohballenbau\/workshops-2016\/","title":{"rendered":"Workshops 2018"},"content":{"rendered":"<h4>Strohballenbau- und Lehmputz-Workshops in 3720 Ravelsbach, N\u00d6 (Virtuelle Baustelle)<br \/>\nf\u00fcr Anf\u00e4nger und Fortgeschrittene (Theorie &amp; Praxis)<\/h4>\n<p><strong>2. \u2013 5. Juni 2018<\/strong>: Strohballenbau-Workshop in <a href=\"http:\/\/www.ecotopia.se\/\">Ecotopia, Schweden<\/a><br \/>\n<strong>29. Juni \u2013 1. Juli 2018<\/strong>: Strohballenbau- und Lehmputz-Workshop Ravelsbach, AT<br \/>\n<strong>27. \u2013 29. Juli 2018<\/strong>: Strohballenbau- und Lehmputz-Workshop Ravelsbach, AT<br \/>\n<strong>29. \u2013 31. August 2018:<\/strong> Tadelakt-Workshop Ravelsbach, AT (Zusatz-Workshop)<br \/>\n<strong>24. \u2013 26. August 2018:\u00a0<\/strong>Strohballenbau- und Lehmputz-Workshop Ravelsbach, AT<\/p>\n<p><strong>Unkostenbeitrag:<\/strong> \u20ac 250,-\/Person, \u20ac 380,-\/Paar oder 2 Freunde, \u20ac 190,-\/Studenten<\/p>\n<hr \/>\n<p><strong>Baustellen-Praxisworkshops<\/strong> siehe auch: <a href=\"http:\/\/www.strohnatur.at\/naechste-workshops-so-bist-du-dabei\/\">www.strohnatur.at\/naechste-workshops-so-bist-du-dabei\/<\/a><\/p>\n<hr \/>\n<p><strong><a  href=\"http:\/\/baubiologie.at\/strohballenbau\/wp-content\/uploads\/2017\/03\/step-training-2017-U1-U286.jpg\" data-rel=\"lightbox-gallery-0\" data-rl_title=\"step-training-2017-U1-U286\" data-rl_caption=\"\" title=\"step-training-2017-U1-U286\"><img decoding=\"async\" class=\"alignleft size-wcsmall wp-image-5210\" src=\"http:\/\/baubiologie.at\/strohballenbau\/wp-content\/uploads\/2017\/03\/step-training-2017-U1-U286-250x167.jpg\" alt=\"\" width=\"250\" height=\"167\" srcset=\"https:\/\/baubiologie.at\/strohballenbau\/wp-content\/uploads\/2017\/03\/step-training-2017-U1-U286-250x167.jpg 250w, https:\/\/baubiologie.at\/strohballenbau\/wp-content\/uploads\/2017\/03\/step-training-2017-U1-U286-300x200.jpg 300w, https:\/\/baubiologie.at\/strohballenbau\/wp-content\/uploads\/2017\/03\/step-training-2017-U1-U286-1024x683.jpg 1024w, https:\/\/baubiologie.at\/strohballenbau\/wp-content\/uploads\/2017\/03\/step-training-2017-U1-U286-768x512.jpg 768w, https:\/\/baubiologie.at\/strohballenbau\/wp-content\/uploads\/2017\/03\/step-training-2017-U1-U286-600x400.jpg 600w, https:\/\/baubiologie.at\/strohballenbau\/wp-content\/uploads\/2017\/03\/step-training-2017-U1-U286-810x540.jpg 810w, https:\/\/baubiologie.at\/strohballenbau\/wp-content\/uploads\/2017\/03\/step-training-2017-U1-U286-1140x760.jpg 1140w, https:\/\/baubiologie.at\/strohballenbau\/wp-content\/uploads\/2017\/03\/step-training-2017-U1-U286-550x367.jpg 550w, https:\/\/baubiologie.at\/strohballenbau\/wp-content\/uploads\/2017\/03\/step-training-2017-U1-U286-800x533.jpg 800w, https:\/\/baubiologie.at\/strohballenbau\/wp-content\/uploads\/2017\/03\/step-training-2017-U1-U286-270x180.jpg 270w, https:\/\/baubiologie.at\/strohballenbau\/wp-content\/uploads\/2017\/03\/step-training-2017-U1-U286-450x300.jpg 450w, https:\/\/baubiologie.at\/strohballenbau\/wp-content\/uploads\/2017\/03\/step-training-2017-U1-U286-750x500.jpg 750w, https:\/\/baubiologie.at\/strohballenbau\/wp-content\/uploads\/2017\/03\/step-training-2017-U1-U286.jpg 1152w\" sizes=\"(max-width: 250px) 100vw, 250px\" \/><\/a><\/strong>Hier gehts zum <a href=\"http:\/\/baubiologie.at\/workshops\/workshop-programm-virtuelle-baustelle-ravelsbach\/\">Workshop-Programm <\/a>und zur <a href=\"http:\/\/baubiologie.at\/workshops\/workshop-auf-der-virtuellen-baustelle-ravelsbach-anmeldung\/\">Anmeldung<\/a><\/p>\n<p>Hier gehts zu den <a href=\"http:\/\/baubiologie.at\/workshops\/\">Galerien der vergangenen Workshops<\/a><\/p>\n<p>Und hier siehst du <a href=\"http:\/\/baubiologie.at\/workshops\/virtuelle-baustelle-ravelsbach\/\">Bilder der Virtuellen Baustelle in Ravelsbach<\/a><\/p>\n<p>Die Virtuelle Baustelle ist <a href=\"http:\/\/baubiologie.at\/workshops\/virtuelle-baustelle-ravelsbach-sieger-beim-energy-globe-award-2015\/\">Sieger beim Energy Globe Award N\u00d6 2015 (Kategorie ERDE)<\/a><\/p>\n<hr \/>\n<p>&nbsp;<\/p>\n<p><span style=\"border-radius: 2px; text-indent: 20px; width: auto; padding: 0px 4px 0px 0px; text-align: center; font: bold 11px\/20px 'Helvetica Neue',Helvetica,sans-serif; color: #ffffff; background: #bd081c no-repeat scroll 3px 50% \/ 14px 14px; position: absolute; opacity: 0.85; z-index: 8675309; display: none; cursor: pointer; top: 667px; left: 20px;\">Merken<\/span><\/p>\n<p><span style=\"border-radius: 2px; text-indent: 20px; width: auto; padding: 0px 4px 0px 0px; text-align: center; font: bold 11px\/20px 'Helvetica Neue',Helvetica,sans-serif; color: #ffffff; background: #bd081c no-repeat scroll 3px 50% \/ 14px 14px; position: absolute; opacity: 1; z-index: 8675309; display: none; cursor: pointer; top: 515px; left: 20px;\">Merken<\/span><\/p>\n<p><span style=\"border-radius: 2px; text-indent: 20px; width: auto; padding: 0px 4px 0px 0px; text-align: center; font: bold 11px\/20px 'Helvetica Neue',Helvetica,sans-serif; color: #ffffff; background: #bd081c no-repeat scroll 3px 50% \/ 14px 14px; position: absolute; opacity: 1; z-index: 8675309; display: none; cursor: pointer; top: 191px; left: 20px;\">Merken<\/span><\/p>\n<p><span style=\"border-radius: 2px; text-indent: 20px; width: auto; padding: 0px 4px 0px 0px; text-align: center; font: bold 11px\/20px 'Helvetica Neue',Helvetica,sans-serif; color: #ffffff; background: #bd081c no-repeat scroll 3px 50% \/ 14px 14px; position: absolute; opacity: 1; z-index: 8675309; display: none; cursor: pointer; top: 515px; left: 20px;\">Merken<\/span><\/p>\n<p><span style=\"border-radius: 2px; text-indent: 20px; width: auto; padding: 0px 4px 0px 0px; text-align: center; font: bold 11px\/20px 'Helvetica Neue',Helvetica,sans-serif; color: #ffffff; background: #bd081c no-repeat scroll 3px 50% \/ 14px 14px; position: absolute; opacity: 1; z-index: 8675309; display: none; cursor: pointer; top: 515px; left: 20px;\">Merken<\/span><\/p>\n<p><span style=\"border-radius: 2px; text-indent: 20px; width: auto; padding: 0px 4px 0px 0px; text-align: center; font: bold 11px\/20px 'Helvetica Neue',Helvetica,sans-serif; color: #ffffff; background: #bd081c no-repeat scroll 3px 50% \/ 14px 14px; position: absolute; opacity: 1; z-index: 8675309; display: none; cursor: pointer;\">Merken<\/span><\/p>\n<p><span style=\"border-radius: 2px; text-indent: 20px; width: auto; padding: 0px 4px 0px 0px; text-align: center; font: bold 11px\/20px 'Helvetica Neue',Helvetica,sans-serif; color: #ffffff; background: #bd081c no-repeat scroll 3px 50% \/ 14px 14px; position: absolute; opacity: 1; z-index: 8675309; display: none; cursor: pointer;\">Merken<\/span><\/p>\n<p><span style=\"border-radius: 2px; text-indent: 20px; width: auto; padding: 0px 4px 0px 0px; text-align: center; font: bold 11px\/20px 'Helvetica Neue',Helvetica,sans-serif; color: #ffffff; background: #bd081c no-repeat scroll 3px 50% \/ 14px 14px; position: absolute; opacity: 1; z-index: 8675309; display: none; cursor: pointer; top: 191px; left: 20px;\">Merken<\/span><\/p>\n<p><span style=\"border-radius: 2px; text-indent: 20px; width: auto; padding: 0px 4px 0px 0px; text-align: center; font: bold 11px\/20px 'Helvetica Neue',Helvetica,sans-serif; color: #ffffff; background: #bd081c no-repeat scroll 3px 50% \/ 14px 14px; position: absolute; opacity: 1; z-index: 8675309; display: none; cursor: pointer;\">Merken<\/span><\/p>\n<p><span style=\"border-radius: 2px; text-indent: 20px; width: auto; padding: 0px 4px 0px 0px; text-align: center; font: bold 11px\/20px 'Helvetica Neue',Helvetica,sans-serif; color: #ffffff; background: #bd081c no-repeat scroll 3px 50% \/ 14px 14px; position: absolute; opacity: 1; z-index: 8675309; display: none; cursor: pointer;\">Merken<\/span><\/p>\n<p><span style=\"border-radius: 2px; text-indent: 20px; width: auto; padding: 0px 4px 0px 0px; text-align: center; font: bold 11px\/20px 'Helvetica Neue',Helvetica,sans-serif; color: #ffffff; background: #bd081c no-repeat scroll 3px 50% \/ 14px 14px; position: absolute; opacity: 1; z-index: 8675309; display: none; cursor: pointer;\">Merken<\/span><\/p>\n<p><span style=\"border-radius: 2px; text-indent: 20px; width: auto; padding: 0px 4px 0px 0px; text-align: center; font: bold 11px\/20px 'Helvetica Neue',Helvetica,sans-serif; color: #ffffff; background: #bd081c no-repeat scroll 3px 50% \/ 14px 14px; position: absolute; opacity: 1; z-index: 8675309; display: none; cursor: pointer; top: 611px; left: 20px;\">Merken<\/span><\/p>\n<p><span style=\"border-radius: 2px; text-indent: 20px; width: auto; padding: 0px 4px 0px 0px; text-align: center; font: bold 11px\/20px 'Helvetica Neue',Helvetica,sans-serif; color: #ffffff; background: #bd081c no-repeat scroll 3px 50% \/ 14px 14px; position: absolute; opacity: 1; z-index: 8675309; display: none; cursor: pointer;\">Merken<\/span><\/p>\n<p><span style=\"border-radius: 2px; text-indent: 20px; width: auto; padding: 0px 4px 0px 0px; text-align: center; font: bold 11px\/20px 'Helvetica Neue',Helvetica,sans-serif; color: #ffffff; background: #bd081c no-repeat scroll 3px 50% \/ 14px 14px; position: absolute; opacity: 1; z-index: 8675309; display: none; cursor: pointer;\">Merken<\/span><\/p>\n<p><span style=\"border-radius: 2px; text-indent: 20px; width: auto; padding: 0px 4px 0px 0px; text-align: center; font: bold 11px\/20px 'Helvetica Neue',Helvetica,sans-serif; color: #ffffff; background: #bd081c no-repeat scroll 3px 50% \/ 14px 14px; position: absolute; opacity: 1; z-index: 8675309; display: none; cursor: pointer; top: 287px; left: 20px;\">Merken<\/span><\/p>\n<p><span style=\"border-radius: 2px; text-indent: 20px; width: auto; padding: 0px 4px 0px 0px; text-align: center; font: bold 11px\/20px 'Helvetica Neue',Helvetica,sans-serif; color: #ffffff; background: #bd081c no-repeat scroll 3px 50% \/ 14px 14px; position: absolute; opacity: 1; z-index: 8675309; display: none; cursor: pointer; top: 287px; left: 20px;\">Merken<\/span><\/p>\n<p><span style=\"border-radius: 2px; text-indent: 20px; width: auto; padding: 0px 4px 0px 0px; text-align: center; font: bold 11px\/20px 'Helvetica Neue',Helvetica,sans-serif; color: #ffffff; background: #bd081c no-repeat scroll 3px 50% \/ 14px 14px; position: absolute; opacity: 1; z-index: 8675309; display: none; cursor: pointer; top: 287px; left: 20px;\">Merken<\/span><\/p>\n<p><span style=\"border-radius: 2px; text-indent: 20px; width: auto; padding: 0px 4px 0px 0px; text-align: center; font: bold 11px\/20px 'Helvetica Neue',Helvetica,sans-serif; color: #ffffff; background: #bd081c no-repeat scroll 3px 50% \/ 14px 14px; position: absolute; opacity: 1; z-index: 8675309; display: none; cursor: pointer; top: 287px; left: 20px;\">Merken<\/span><\/p>\n<p><span style=\"border-radius: 2px; text-indent: 20px; width: auto; padding: 0px 4px 0px 0px; text-align: center; font: bold 11px\/20px 'Helvetica Neue',Helvetica,sans-serif; color: #ffffff; background: #bd081c no-repeat scroll 3px 50% \/ 14px 14px; position: absolute; opacity: 1; z-index: 8675309; display: none; cursor: pointer;\">Merken<\/span><\/p>\n<p><span style=\"border-radius: 2px; text-indent: 20px; width: auto; padding: 0px 4px 0px 0px; text-align: center; font: bold 11px\/20px 'Helvetica Neue',Helvetica,sans-serif; color: #ffffff; background: #bd081c no-repeat scroll 3px 50% \/ 14px 14px; position: absolute; opacity: 1; z-index: 8675309; display: none; cursor: pointer;\">Merken<\/span><\/p>\n<p><span style=\"border-radius: 2px; text-indent: 20px; width: auto; padding: 0px 4px 0px 0px; text-align: center; font: bold 11px\/20px 'Helvetica Neue',Helvetica,sans-serif; color: #ffffff; background: #bd081c no-repeat scroll 3px 50% \/ 14px 14px; position: absolute; opacity: 1; z-index: 8675309; display: none; cursor: pointer; top: 263px; left: 20px;\">Merken<\/span><\/p>\n<p><span style=\"border-radius: 2px; text-indent: 20px; width: auto; padding: 0px 4px 0px 0px; text-align: center; font: bold 11px\/20px 'Helvetica Neue',Helvetica,sans-serif; color: #ffffff; background: #bd081c no-repeat scroll 3px 50% \/ 14px 14px; position: absolute; opacity: 1; z-index: 8675309; display: none; cursor: pointer;\">Merken<\/span><\/p>\n<p><span style=\"border-radius: 2px; text-indent: 20px; width: auto; padding: 0px 4px 0px 0px; text-align: center; font: bold 11px\/20px 'Helvetica Neue',Helvetica,sans-serif; color: #ffffff; background: #bd081c no-repeat scroll 3px 50% \/ 14px 14px; position: absolute; opacity: 1; z-index: 8675309; display: none; cursor: pointer;\">Merken<\/span><\/p>\n<p><span style=\"border-radius: 2px; text-indent: 20px; width: auto; padding: 0px 4px 0px 0px; text-align: center; font: bold 11px\/20px 'Helvetica Neue',Helvetica,sans-serif; color: #ffffff; background: #bd081c no-repeat scroll 3px 50% \/ 14px 14px; position: absolute; opacity: 1; z-index: 8675309; display: none; cursor: pointer;\">Merken<\/span><\/p>\n<p><span style=\"border-radius: 2px; text-indent: 20px; width: auto; padding: 0px 4px 0px 0px; text-align: center; font: bold 11px\/20px 'Helvetica Neue',Helvetica,sans-serif; color: #ffffff; background: #bd081c no-repeat scroll 3px 50% \/ 14px 14px; position: absolute; opacity: 1; z-index: 8675309; display: none; cursor: pointer; top: 263px; left: 20px;\">Merken<\/span><\/p>\n<p><span style=\"border-radius: 2px; text-indent: 20px; width: auto; padding: 0px 4px 0px 0px; text-align: center; font: bold 11px\/20px 'Helvetica Neue',Helvetica,sans-serif; color: #ffffff; background: #bd081c no-repeat scroll 3px 50% \/ 14px 14px; position: absolute; opacity: 1; z-index: 8675309; display: none; cursor: pointer; top: 587px; left: 20px;\">Merken<\/span><\/p>\n<p><span style=\"border-radius: 2px; text-indent: 20px; width: auto; padding: 0px 4px 0px 0px; text-align: center; font: bold 11px\/20px 'Helvetica Neue',Helvetica,sans-serif; color: #ffffff; background: #bd081c no-repeat scroll 3px 50% \/ 14px 14px; position: absolute; opacity: 1; z-index: 8675309; display: none; cursor: pointer; top: 407px; left: 20px;\">Merken<\/span><\/p>\n<p><span style=\"border-radius: 2px; text-indent: 20px; width: auto; padding: 0px 4px 0px 0px; text-align: center; font: bold 11px\/20px 'Helvetica Neue',Helvetica,sans-serif; color: #ffffff; background: #bd081c no-repeat scroll 3px 50% \/ 14px 14px; position: absolute; opacity: 1; z-index: 8675309; display: none; cursor: pointer;\">Merken<\/span><\/p>\n","protected":false},"excerpt":{"rendered":"<p>Strohballenbau- und Lehmputz-Workshops in 3720 Ravelsbach, N\u00d6 (Virtuelle Baustelle) f\u00fcr Anf\u00e4nger und Fortgeschrittene (Theorie &amp; Praxis) 2. \u2013 5. Juni 2018: Strohballenbau-Workshop in Ecotopia, Schweden 29. Juni \u2013 1. Juli 2018: Strohballenbau- und Lehmputz-Workshop Ravelsbach, AT 27. \u2013 29. Juli 2018: Strohballenbau- und Lehmputz-Workshop Ravelsbach, AT 29. \u2013 31. August 2018: Tadelakt-Workshop Ravelsbach, AT (Zusatz-Workshop) [&hellip;]<\/p>\n","protected":false},"author":1,"featured_media":2598,"parent":0,"menu_order":0,"comment_status":"closed","ping_status":"closed","template":"","meta":{"_acf_changed":false,"footnotes":""},"class_list":["post-3559","page","type-page","status-publish","has-post-thumbnail","hentry"],"acf":[],"yoast_head":"<!-- This site is optimized with the Yoast SEO plugin v27.4 - https:\/\/yoast.com\/product\/yoast-seo-wordpress\/ -->\n<title>Workshops 2018 - ASBN<\/title>\n<meta name=\"robots\" content=\"index, follow, max-snippet:-1, max-image-preview:large, max-video-preview:-1\" \/>\n<link rel=\"canonical\" href=\"https:\/\/baubiologie.at\/strohballenbau\/workshops-2016\/\" \/>\n<meta property=\"og:locale\" content=\"de_DE\" \/>\n<meta property=\"og:type\" content=\"article\" \/>\n<meta property=\"og:title\" content=\"Workshops 2018 - ASBN\" \/>\n<meta property=\"og:description\" content=\"Strohballenbau- und Lehmputz-Workshops in 3720 Ravelsbach, N\u00d6 (Virtuelle Baustelle) f\u00fcr Anf\u00e4nger und Fortgeschrittene (Theorie &amp; Praxis) 2. \u2013 5. Juni 2018: Strohballenbau-Workshop in Ecotopia, Schweden 29. Juni \u2013 1. Juli 2018: Strohballenbau- und Lehmputz-Workshop Ravelsbach, AT 27. \u2013 29. Juli 2018: Strohballenbau- und Lehmputz-Workshop Ravelsbach, AT 29. \u2013 31. August 2018: Tadelakt-Workshop Ravelsbach, AT (Zusatz-Workshop) [&hellip;]\" \/>\n<meta property=\"og:url\" content=\"https:\/\/baubiologie.at\/strohballenbau\/workshops-2016\/\" \/>\n<meta property=\"og:site_name\" content=\"ASBN\" \/>\n<meta property=\"article:modified_time\" content=\"2018-05-23T18:19:54+00:00\" \/>\n<meta property=\"og:image\" content=\"https:\/\/baubiologie.at\/strohballenbau\/wp-content\/uploads\/2015\/05\/3-asbn-strohballenbau-strawbalebuilding1.jpg\" \/>\n\t<meta property=\"og:image:width\" content=\"1280\" \/>\n\t<meta property=\"og:image:height\" content=\"853\" \/>\n\t<meta property=\"og:image:type\" content=\"image\/jpeg\" \/>\n<meta name=\"twitter:label1\" content=\"Gesch\u00e4tzte Lesezeit\" \/>\n\t<meta name=\"twitter:data1\" content=\"1\u00a0Minute\" \/>\n<script type=\"application\/ld+json\" class=\"yoast-schema-graph\">{\"@context\":\"https:\\\/\\\/schema.org\",\"@graph\":[{\"@type\":\"WebPage\",\"@id\":\"https:\\\/\\\/baubiologie.at\\\/strohballenbau\\\/workshops-2016\\\/\",\"url\":\"https:\\\/\\\/baubiologie.at\\\/strohballenbau\\\/workshops-2016\\\/\",\"name\":\"Workshops 2018 - ASBN\",\"isPartOf\":{\"@id\":\"https:\\\/\\\/baubiologie.at\\\/strohballenbau\\\/#website\"},\"primaryImageOfPage\":{\"@id\":\"https:\\\/\\\/baubiologie.at\\\/strohballenbau\\\/workshops-2016\\\/#primaryimage\"},\"image\":{\"@id\":\"https:\\\/\\\/baubiologie.at\\\/strohballenbau\\\/workshops-2016\\\/#primaryimage\"},\"thumbnailUrl\":\"https:\\\/\\\/baubiologie.at\\\/strohballenbau\\\/wp-content\\\/uploads\\\/2015\\\/05\\\/3-asbn-strohballenbau-strawbalebuilding1.jpg\",\"datePublished\":\"2016-01-08T14:16:56+00:00\",\"dateModified\":\"2018-05-23T18:19:54+00:00\",\"breadcrumb\":{\"@id\":\"https:\\\/\\\/baubiologie.at\\\/strohballenbau\\\/workshops-2016\\\/#breadcrumb\"},\"inLanguage\":\"de\",\"potentialAction\":[{\"@type\":\"ReadAction\",\"target\":[\"https:\\\/\\\/baubiologie.at\\\/strohballenbau\\\/workshops-2016\\\/\"]}]},{\"@type\":\"ImageObject\",\"inLanguage\":\"de\",\"@id\":\"https:\\\/\\\/baubiologie.at\\\/strohballenbau\\\/workshops-2016\\\/#primaryimage\",\"url\":\"https:\\\/\\\/baubiologie.at\\\/strohballenbau\\\/wp-content\\\/uploads\\\/2015\\\/05\\\/3-asbn-strohballenbau-strawbalebuilding1.jpg\",\"contentUrl\":\"https:\\\/\\\/baubiologie.at\\\/strohballenbau\\\/wp-content\\\/uploads\\\/2015\\\/05\\\/3-asbn-strohballenbau-strawbalebuilding1.jpg\",\"width\":1280,\"height\":853},{\"@type\":\"BreadcrumbList\",\"@id\":\"https:\\\/\\\/baubiologie.at\\\/strohballenbau\\\/workshops-2016\\\/#breadcrumb\",\"itemListElement\":[{\"@type\":\"ListItem\",\"position\":1,\"name\":\"Home\",\"item\":\"https:\\\/\\\/baubiologie.at\\\/strohballenbau\\\/\"},{\"@type\":\"ListItem\",\"position\":2,\"name\":\"Workshops 2018\"}]},{\"@type\":\"WebSite\",\"@id\":\"https:\\\/\\\/baubiologie.at\\\/strohballenbau\\\/#website\",\"url\":\"https:\\\/\\\/baubiologie.at\\\/strohballenbau\\\/\",\"name\":\"ASBN\",\"description\":\"Strohballenbau: \u00f6kologisch Bauen mit Strohballen und Lehm\",\"publisher\":{\"@id\":\"https:\\\/\\\/baubiologie.at\\\/strohballenbau\\\/#organization\"},\"potentialAction\":[{\"@type\":\"SearchAction\",\"target\":{\"@type\":\"EntryPoint\",\"urlTemplate\":\"https:\\\/\\\/baubiologie.at\\\/strohballenbau\\\/?s={search_term_string}\"},\"query-input\":{\"@type\":\"PropertyValueSpecification\",\"valueRequired\":true,\"valueName\":\"search_term_string\"}}],\"inLanguage\":\"de\"},{\"@type\":\"Organization\",\"@id\":\"https:\\\/\\\/baubiologie.at\\\/strohballenbau\\\/#organization\",\"name\":\"asbn - austrian straw bale network\",\"url\":\"https:\\\/\\\/baubiologie.at\\\/strohballenbau\\\/\",\"logo\":{\"@type\":\"ImageObject\",\"inLanguage\":\"de\",\"@id\":\"https:\\\/\\\/baubiologie.at\\\/strohballenbau\\\/#\\\/schema\\\/logo\\\/image\\\/\",\"url\":\"https:\\\/\\\/baubiologie.at\\\/strohballenbau\\\/wp-content\\\/uploads\\\/2015\\\/05\\\/asbn_logo.jpg\",\"contentUrl\":\"https:\\\/\\\/baubiologie.at\\\/strohballenbau\\\/wp-content\\\/uploads\\\/2015\\\/05\\\/asbn_logo.jpg\",\"width\":1012,\"height\":1000,\"caption\":\"asbn - austrian straw bale network\"},\"image\":{\"@id\":\"https:\\\/\\\/baubiologie.at\\\/strohballenbau\\\/#\\\/schema\\\/logo\\\/image\\\/\"}}]}<\/script>\n<!-- \/ Yoast SEO plugin. -->","yoast_head_json":{"title":"Workshops 2018 - ASBN","robots":{"index":"index","follow":"follow","max-snippet":"max-snippet:-1","max-image-preview":"max-image-preview:large","max-video-preview":"max-video-preview:-1"},"canonical":"https:\/\/baubiologie.at\/strohballenbau\/workshops-2016\/","og_locale":"de_DE","og_type":"article","og_title":"Workshops 2018 - ASBN","og_description":"Strohballenbau- und Lehmputz-Workshops in 3720 Ravelsbach, N\u00d6 (Virtuelle Baustelle) f\u00fcr Anf\u00e4nger und Fortgeschrittene (Theorie &amp; Praxis) 2. \u2013 5. Juni 2018: Strohballenbau-Workshop in Ecotopia, Schweden 29. Juni \u2013 1. Juli 2018: Strohballenbau- und Lehmputz-Workshop Ravelsbach, AT 27. \u2013 29. Juli 2018: Strohballenbau- und Lehmputz-Workshop Ravelsbach, AT 29. \u2013 31. August 2018: Tadelakt-Workshop Ravelsbach, AT (Zusatz-Workshop) [&hellip;]","og_url":"https:\/\/baubiologie.at\/strohballenbau\/workshops-2016\/","og_site_name":"ASBN","article_modified_time":"2018-05-23T18:19:54+00:00","og_image":[{"width":1280,"height":853,"url":"https:\/\/baubiologie.at\/strohballenbau\/wp-content\/uploads\/2015\/05\/3-asbn-strohballenbau-strawbalebuilding1.jpg","type":"image\/jpeg"}],"twitter_misc":{"Gesch\u00e4tzte Lesezeit":"1\u00a0Minute"},"schema":{"@context":"https:\/\/schema.org","@graph":[{"@type":"WebPage","@id":"https:\/\/baubiologie.at\/strohballenbau\/workshops-2016\/","url":"https:\/\/baubiologie.at\/strohballenbau\/workshops-2016\/","name":"Workshops 2018 - ASBN","isPartOf":{"@id":"https:\/\/baubiologie.at\/strohballenbau\/#website"},"primaryImageOfPage":{"@id":"https:\/\/baubiologie.at\/strohballenbau\/workshops-2016\/#primaryimage"},"image":{"@id":"https:\/\/baubiologie.at\/strohballenbau\/workshops-2016\/#primaryimage"},"thumbnailUrl":"https:\/\/baubiologie.at\/strohballenbau\/wp-content\/uploads\/2015\/05\/3-asbn-strohballenbau-strawbalebuilding1.jpg","datePublished":"2016-01-08T14:16:56+00:00","dateModified":"2018-05-23T18:19:54+00:00","breadcrumb":{"@id":"https:\/\/baubiologie.at\/strohballenbau\/workshops-2016\/#breadcrumb"},"inLanguage":"de","potentialAction":[{"@type":"ReadAction","target":["https:\/\/baubiologie.at\/strohballenbau\/workshops-2016\/"]}]},{"@type":"ImageObject","inLanguage":"de","@id":"https:\/\/baubiologie.at\/strohballenbau\/workshops-2016\/#primaryimage","url":"https:\/\/baubiologie.at\/strohballenbau\/wp-content\/uploads\/2015\/05\/3-asbn-strohballenbau-strawbalebuilding1.jpg","contentUrl":"https:\/\/baubiologie.at\/strohballenbau\/wp-content\/uploads\/2015\/05\/3-asbn-strohballenbau-strawbalebuilding1.jpg","width":1280,"height":853},{"@type":"BreadcrumbList","@id":"https:\/\/baubiologie.at\/strohballenbau\/workshops-2016\/#breadcrumb","itemListElement":[{"@type":"ListItem","position":1,"name":"Home","item":"https:\/\/baubiologie.at\/strohballenbau\/"},{"@type":"ListItem","position":2,"name":"Workshops 2018"}]},{"@type":"WebSite","@id":"https:\/\/baubiologie.at\/strohballenbau\/#website","url":"https:\/\/baubiologie.at\/strohballenbau\/","name":"ASBN","description":"Strohballenbau: \u00f6kologisch Bauen mit Strohballen und Lehm","publisher":{"@id":"https:\/\/baubiologie.at\/strohballenbau\/#organization"},"potentialAction":[{"@type":"SearchAction","target":{"@type":"EntryPoint","urlTemplate":"https:\/\/baubiologie.at\/strohballenbau\/?s={search_term_string}"},"query-input":{"@type":"PropertyValueSpecification","valueRequired":true,"valueName":"search_term_string"}}],"inLanguage":"de"},{"@type":"Organization","@id":"https:\/\/baubiologie.at\/strohballenbau\/#organization","name":"asbn - austrian straw bale network","url":"https:\/\/baubiologie.at\/strohballenbau\/","logo":{"@type":"ImageObject","inLanguage":"de","@id":"https:\/\/baubiologie.at\/strohballenbau\/#\/schema\/logo\/image\/","url":"https:\/\/baubiologie.at\/strohballenbau\/wp-content\/uploads\/2015\/05\/asbn_logo.jpg","contentUrl":"https:\/\/baubiologie.at\/strohballenbau\/wp-content\/uploads\/2015\/05\/asbn_logo.jpg","width":1012,"height":1000,"caption":"asbn - austrian straw bale network"},"image":{"@id":"https:\/\/baubiologie.at\/strohballenbau\/#\/schema\/logo\/image\/"}}]}},"_links":{"self":[{"href":"https:\/\/baubiologie.at\/strohballenbau\/wp-json\/wp\/v2\/pages\/3559","targetHints":{"allow":["GET"]}}],"collection":[{"href":"https:\/\/baubiologie.at\/strohballenbau\/wp-json\/wp\/v2\/pages"}],"about":[{"href":"https:\/\/baubiologie.at\/strohballenbau\/wp-json\/wp\/v2\/types\/page"}],"author":[{"embeddable":true,"href":"https:\/\/baubiologie.at\/strohballenbau\/wp-json\/wp\/v2\/users\/1"}],"replies":[{"embeddable":true,"href":"https:\/\/baubiologie.at\/strohballenbau\/wp-json\/wp\/v2\/comments?post=3559"}],"version-history":[{"count":134,"href":"https:\/\/baubiologie.at\/strohballenbau\/wp-json\/wp\/v2\/pages\/3559\/revisions"}],"predecessor-version":[{"id":6564,"href":"https:\/\/baubiologie.at\/strohballenbau\/wp-json\/wp\/v2\/pages\/3559\/revisions\/6564"}],"wp:featuredmedia":[{"embeddable":true,"href":"https:\/\/baubiologie.at\/strohballenbau\/wp-json\/wp\/v2\/media\/2598"}],"wp:attachment":[{"href":"https:\/\/baubiologie.at\/strohballenbau\/wp-json\/wp\/v2\/media?parent=3559"}],"curies":[{"name":"wp","href":"https:\/\/api.w.org\/{rel}","templated":true}]}}